{"id":434,"date":"2018-09-05T18:21:07","date_gmt":"2018-09-05T16:21:07","guid":{"rendered":"https:\/\/www.muellerundsohn.com\/en\/?page_id=434"},"modified":"2026-03-18T13:46:15","modified_gmt":"2026-03-18T12:46:15","slug":"contact","status":"publish","type":"page","link":"https:\/\/www.muellerundsohn.com\/en\/contact\/","title":{"rendered":"Contact"},"content":{"rendered":"<span class=\"ee-has-fotocredit alignnone\"><img loading=\"lazy\" decoding=\"async\" class=\" wp-image-804 size-full\" src=\"https:\/\/www.muellerundsohn.com\/en\/app\/uploads\/sites\/2\/2018\/09\/MuellerundSohn_pattern-sewing.jpg\" alt=\"\" width=\"1181\" height=\"899\" srcset=\"https:\/\/www.muellerundsohn.com\/app\/uploads\/sites\/2\/2018\/09\/MuellerundSohn_pattern-sewing.jpg 1181w, https:\/\/www.muellerundsohn.com\/app\/uploads\/sites\/2\/2018\/09\/MuellerundSohn_pattern-sewing-300x228.jpg 300w, https:\/\/www.muellerundsohn.com\/app\/uploads\/sites\/2\/2018\/09\/MuellerundSohn_pattern-sewing-768x585.jpg 768w, https:\/\/www.muellerundsohn.com\/app\/uploads\/sites\/2\/2018\/09\/MuellerundSohn_pattern-sewing-1024x779.jpg 1024w, https:\/\/www.muellerundsohn.com\/app\/uploads\/sites\/2\/2018\/09\/MuellerundSohn_pattern-sewing-360x274.jpg 360w, https:\/\/www.muellerundsohn.com\/app\/uploads\/sites\/2\/2018\/09\/MuellerundSohn_pattern-sewing-150x114.jpg 150w, https:\/\/www.muellerundsohn.com\/app\/uploads\/sites\/2\/2018\/09\/MuellerundSohn_pattern-sewing-275x209.jpg 275w, https:\/\/www.muellerundsohn.com\/app\/uploads\/sites\/2\/2018\/09\/MuellerundSohn_pattern-sewing-255x194.jpg 255w\" sizes=\"auto, (max-width: 1181px) 100vw, 1181px\" \/><span class=\"ee-fotocredit\">(Photo Credit: \u00a9 CATWALKPIX.COM)<\/span><\/span>\n<p>&nbsp;<\/p>\n<h3><b>Customer Service<\/b><\/h3>\n<p>Tel. +49 731 88005-8205<br \/>\n<a href=\"mailto:kundenservice@ebnermedia.de\">kundenservice@ebnermedia.de<\/a><br \/>\nBrienner Stra\u00dfe 45 a-d<br \/>\n80333 M\u00fcnchen<\/p>\n<p>&nbsp;<\/p>\n<h3><b>Ulm, Germany<br \/>\n<\/b><\/h3>\n<p><span style=\"font-size: 16px\">Olgastra\u00dfe 121\/1<br \/>\n<\/span>89073 Ulm<\/p>\n<p><img loading=\"lazy\" decoding=\"async\" class=\"size-full wp-image-6324 alignnone\" src=\"https:\/\/www.muellerundsohn.com\/app\/uploads\/sites\/2\/2024\/12\/Carola_Frommer_MuellerundSohn.jpg\" alt=\"Carola Frommer M. M\u00fcller &amp; Sohn Team\" width=\"360\" height=\"361\" srcset=\"https:\/\/www.muellerundsohn.com\/app\/uploads\/sites\/2\/2024\/12\/Carola_Frommer_MuellerundSohn.jpg 360w, https:\/\/www.muellerundsohn.com\/app\/uploads\/sites\/2\/2024\/12\/Carola_Frommer_MuellerundSohn-300x300.jpg 300w, https:\/\/www.muellerundsohn.com\/app\/uploads\/sites\/2\/2024\/12\/Carola_Frommer_MuellerundSohn-150x150.jpg 150w, https:\/\/www.muellerundsohn.com\/app\/uploads\/sites\/2\/2024\/12\/Carola_Frommer_MuellerundSohn-255x256.jpg 255w\" sizes=\"auto, (max-width: 360px) 100vw, 360px\" \/><\/p>\n<p><b>Object Manager \/ Media Sales<span class=\"Apple-converted-space\"><br \/>\n<\/span><\/b>Carola Frommer<br \/>\nPhone +49 (731) 880057 \u2013 193<br \/>\nFax +49 (731) 88005 \u2013 5201<br \/>\n<a href=\"mailto:frommer@ebnermedia.de\" target=\"_blank\" rel=\"noopener\">frommer@ebnermedia.de<\/a><\/p>\n<h3><\/h3>\n<p>&nbsp;<\/p>\n<h3><b>Hamburg, Germany<\/b><\/h3>\n<p><span style=\"font-size: 16px\">Borselstra\u00dfe 28<br \/>\n<\/span>22765 Hamburg<\/p>\n<p>&nbsp;<\/p>\n<h3><img loading=\"lazy\" decoding=\"async\" class=\"size-full wp-image-6326 alignnone\" src=\"https:\/\/www.muellerundsohn.com\/app\/uploads\/sites\/2\/2024\/12\/Jasmin_Clausen_MuellerundSohn.jpg\" alt=\"Jasmin Clausen vom M. M\u00fcller &amp; Sohn Team\" width=\"360\" height=\"361\" srcset=\"https:\/\/www.muellerundsohn.com\/app\/uploads\/sites\/2\/2024\/12\/Jasmin_Clausen_MuellerundSohn.jpg 360w, https:\/\/www.muellerundsohn.com\/app\/uploads\/sites\/2\/2024\/12\/Jasmin_Clausen_MuellerundSohn-300x300.jpg 300w, https:\/\/www.muellerundsohn.com\/app\/uploads\/sites\/2\/2024\/12\/Jasmin_Clausen_MuellerundSohn-150x150.jpg 150w, https:\/\/www.muellerundsohn.com\/app\/uploads\/sites\/2\/2024\/12\/Jasmin_Clausen_MuellerundSohn-255x256.jpg 255w\" sizes=\"auto, (max-width: 360px) 100vw, 360px\" \/><\/h3>\n<p><b><br \/>\nEditor-in-Chief \/ Head of Technical Editing<br \/>\n<\/b>Jasmin Clausen<br \/>\nPhone +49 (731) 880054 \u2013 370<br \/>\n<a href=\"mailto:clausen@ebnermedia.de\">clausen@ebnermedia.de\u00a0<\/a><\/p>\n<p>&nbsp;<\/p>\n<p><img loading=\"lazy\" decoding=\"async\" class=\"size-full wp-image-6325 alignnone\" src=\"https:\/\/www.muellerundsohn.com\/app\/uploads\/sites\/2\/2024\/12\/Janika_Khammar_MuellerundSohn.jpg\" alt=\"Janika Khammar of the M. M\u00fcller &amp; Sohn Team\" width=\"360\" height=\"361\" srcset=\"https:\/\/www.muellerundsohn.com\/app\/uploads\/sites\/2\/2024\/12\/Janika_Khammar_MuellerundSohn.jpg 360w, https:\/\/www.muellerundsohn.com\/app\/uploads\/sites\/2\/2024\/12\/Janika_Khammar_MuellerundSohn-300x300.jpg 300w, https:\/\/www.muellerundsohn.com\/app\/uploads\/sites\/2\/2024\/12\/Janika_Khammar_MuellerundSohn-150x150.jpg 150w, https:\/\/www.muellerundsohn.com\/app\/uploads\/sites\/2\/2024\/12\/Janika_Khammar_MuellerundSohn-255x256.jpg 255w\" sizes=\"auto, (max-width: 360px) 100vw, 360px\" \/><\/p>\n<p><strong>Pattern Editorial Office<\/strong><br \/>\nJanika Khammar<br \/>\nPhone +49 (731) 880054 \u2013 374<br \/>\n<a href=\"mailto:janika.khammar@ebnermedia.de\" target=\"_blank\" rel=\"noopener\">janika.khammar@ebnermedia.de\u00a0<\/a><\/p>\n<p>&nbsp;<\/p>\n<h3>Munich, Germany<\/h3>\n<p>Brienner Stra\u00dfe 45 a-d<br \/>\n80333 M\u00fcnchen<\/p>\n<p><img loading=\"lazy\" decoding=\"async\" class=\"size-full wp-image-6328 alignnone\" src=\"https:\/\/www.muellerundsohn.com\/app\/uploads\/sites\/2\/2024\/12\/Lilith_Beckmann_MuellerundSohn.jpg\" alt=\"Lilith Beckmann of the M. M\u00fcller &amp; Sohn Team\" width=\"360\" height=\"361\" srcset=\"https:\/\/www.muellerundsohn.com\/app\/uploads\/sites\/2\/2024\/12\/Lilith_Beckmann_MuellerundSohn.jpg 360w, https:\/\/www.muellerundsohn.com\/app\/uploads\/sites\/2\/2024\/12\/Lilith_Beckmann_MuellerundSohn-300x300.jpg 300w, https:\/\/www.muellerundsohn.com\/app\/uploads\/sites\/2\/2024\/12\/Lilith_Beckmann_MuellerundSohn-150x150.jpg 150w, https:\/\/www.muellerundsohn.com\/app\/uploads\/sites\/2\/2024\/12\/Lilith_Beckmann_MuellerundSohn-255x256.jpg 255w\" sizes=\"auto, (max-width: 360px) 100vw, 360px\" \/><\/p>\n<p><b>Editor \/\u00a0Online &amp; Print<br \/>\n<\/b>Lilith-Fynn Beckmann<br \/>\nPhone +49 (731) 880054 \u2013 372<br \/>\n<a href=\"mailto:beckmann@ebnermedia.de\">beckmann@ebnermedia.de<\/a><\/p>\n<p>&nbsp;<\/p>","protected":false},"excerpt":{"rendered":"&nbsp; Customer Service Tel. +49 731 88005-8205 kundenservice@ebnermedia.de Brienner Stra\u00dfe 45 a-d 80333 M\u00fcnchen &nbsp; Ulm, Germany Olgastra\u00dfe 121\/1 89073 Ulm Object Manager \/ Media Sales Carola Frommer Phone +49 (731) 880057 \u2013 193 Fax +49 (731) 88005 \u2013 5201 frommer@ebnermedia.de &nbsp; Hamburg, Germany Borselstra\u00dfe 28 22765 Hamburg &nbsp; Editor-in-Chief \/ Head of Technical Editing&#8230;<p class=\"read-further-link\">Continue Reading<\/p>","protected":false},"author":37,"featured_media":0,"parent":0,"menu_order":0,"comment_status":"closed","ping_status":"closed","template":"","meta":{"footnotes":""},"class_list":["post-434","page","type-page","status-publish","hentry"],"_links":{"self":[{"href":"https:\/\/www.muellerundsohn.com\/en\/wp-json\/wp\/v2\/pages\/434","targetHints":{"allow":["GET"]}}],"collection":[{"href":"https:\/\/www.muellerundsohn.com\/en\/wp-json\/wp\/v2\/pages"}],"about":[{"href":"https:\/\/www.muellerundsohn.com\/en\/wp-json\/wp\/v2\/types\/page"}],"author":[{"embeddable":true,"href":"https:\/\/www.muellerundsohn.com\/en\/wp-json\/wp\/v2\/users\/37"}],"replies":[{"embeddable":true,"href":"https:\/\/www.muellerundsohn.com\/en\/wp-json\/wp\/v2\/comments?post=434"}],"version-history":[{"count":5,"href":"https:\/\/www.muellerundsohn.com\/en\/wp-json\/wp\/v2\/pages\/434\/revisions"}],"predecessor-version":[{"id":6810,"href":"https:\/\/www.muellerundsohn.com\/en\/wp-json\/wp\/v2\/pages\/434\/revisions\/6810"}],"wp:attachment":[{"href":"https:\/\/www.muellerundsohn.com\/en\/wp-json\/wp\/v2\/media?parent=434"}],"curies":[{"name":"wp","href":"https:\/\/api.w.org\/{rel}","templated":true}]}}